{"id":344,"date":"2022-10-31T06:59:43","date_gmt":"2022-10-31T09:59:43","guid":{"rendered":"https:\/\/blog.meusorteio.com.br\/?page_id=344"},"modified":"2023-01-11T16:54:19","modified_gmt":"2023-01-11T19:54:19","slug":"artigos","status":"publish","type":"page","link":"https:\/\/meusorteio.com.br\/rifas\/","title":{"rendered":"Artigos"},"content":{"rendered":"<p><a href=\"https:\/\/blog.meusorteio.com.br\/como-funciona-o-meusorteio\/\" dynamic-postlink=\"tcb_post_the_permalink\" data-shortcode-id=\"137\"><\/a><a href=\"https:\/\/blog.meusorteio.com.br\/como-funciona-o-meusorteio\/\" style=\"\"><span>                    <\/span><span><span><\/span><\/span><\/a><\/p>\n<h2><span data-shortcode=\"tcb_post_title\" data-shortcode-name=\"Post title\" data-extra_key=\"\" data-attr-link=\"1\" data-attr-target=\"0\" data-attr-rel=\"0\" data-option-inline=\"1\" data-attr-static-link=\"{&quot;className&quot;:&quot;&quot;,&quot;href&quot;:&quot;https:\/\/blog.meusorteio.com.br\/como-funciona-o-meusorteio\/&quot;,&quot;title&quot;:&quot;Como Funciona o MeuSorteio&quot;,&quot;class&quot;:&quot;&quot;}\" data-attr-css=\"\"><a href=\"https:\/\/blog.meusorteio.com.br\/como-funciona-o-meusorteio\/\" title=\"Como Funciona o MeuSorteio\" data-css=\"\">Como Funciona o MeuSorteio<\/a><\/span><\/h2>\n<p>Saiba COMO FUNCIONA o MeuSorteio: o melhor sistema para vendas e gest\u00e3o de sua rifa online<\/p>\n<p><a href=\"https:\/\/blog.meusorteio.com.br\/como-funciona-o-meusorteio\/#more-137\"><\/a><a href=\"https:\/\/blog.meusorteio.com.br\/como-fazer-uma-rifa-online-com-o-meusorteio\/\" dynamic-postlink=\"tcb_post_the_permalink\" data-shortcode-id=\"137\"><\/a><a href=\"https:\/\/blog.meusorteio.com.br\/como-fazer-uma-rifa-online-com-o-meusorteio\/\" style=\"\"><span>                    <\/span><span><span><\/span><\/span><\/a><\/p>\n<h2><span data-shortcode=\"tcb_post_title\" data-shortcode-name=\"Post title\" data-extra_key=\"\" data-attr-link=\"1\" data-attr-target=\"0\" data-attr-rel=\"0\" data-option-inline=\"1\" data-attr-static-link=\"{&quot;className&quot;:&quot;&quot;,&quot;href&quot;:&quot;https:\/\/blog.meusorteio.com.br\/como-funciona-o-meusorteio\/&quot;,&quot;title&quot;:&quot;Como Funciona o MeuSorteio&quot;,&quot;class&quot;:&quot;&quot;}\" data-attr-css=\"\"><a href=\"https:\/\/blog.meusorteio.com.br\/como-fazer-uma-rifa-online-com-o-meusorteio\/\" title=\"Como Fazer uma Rifa Online com o MeuSorteio\" data-css=\"\">Como Fazer uma Rifa Online com o MeuSorteio<\/a><\/span><\/h2>\n<p>Passo a passo para FAZER uma Rifa Online com o MeuSorteio. <\/p>\n<p><a href=\"https:\/\/blog.meusorteio.com.br\/como-fazer-uma-rifa-online-com-o-meusorteio\/#more-173\"><\/a><a href=\"https:\/\/blog.meusorteio.com.br\/como-gerenciar-uma-rifa-online-com-o-meusorteio\/\" dynamic-postlink=\"tcb_post_the_permalink\" data-shortcode-id=\"137\"><\/a><a href=\"https:\/\/blog.meusorteio.com.br\/como-gerenciar-uma-rifa-online-com-o-meusorteio\/\" style=\"\"><span>                    <\/span><span><span><\/span><\/span><\/a><\/p>\n<h2><span data-shortcode=\"tcb_post_title\" data-shortcode-name=\"Post title\" data-extra_key=\"\" data-attr-link=\"1\" data-attr-target=\"0\" data-attr-rel=\"0\" data-option-inline=\"1\" data-attr-static-link=\"{&quot;className&quot;:&quot;&quot;,&quot;href&quot;:&quot;https:\/\/blog.meusorteio.com.br\/como-funciona-o-meusorteio\/&quot;,&quot;title&quot;:&quot;Como Funciona o MeuSorteio&quot;,&quot;class&quot;:&quot;&quot;}\" data-attr-css=\"\"><a href=\"https:\/\/blog.meusorteio.com.br\/como-gerenciar-uma-rifa-online-com-o-meusorteio\/\" title=\"Como Gerenciar uma Rifa Online com o MeuSorteio\" data-css=\"\">Como Gerenciar uma Rifa Online com o MeuSorteio<\/a><\/span><\/h2>\n<p>Passo a passo para GERENCIAR uma Rifa Online com o MeuSorteio. <\/p>\n<p><a href=\"https:\/\/blog.meusorteio.com.br\/como-gerenciar-uma-rifa-online-com-o-meusorteio\/#more-227\"><\/a><a href=\"https:\/\/blog.meusorteio.com.br\/meios-de-pagamentos\/\" dynamic-postlink=\"tcb_post_the_permalink\" data-shortcode-id=\"137\"><\/a><a href=\"https:\/\/blog.meusorteio.com.br\/meios-de-pagamentos\/\" style=\"\"><span>                    <\/span><span><span><\/span><\/span><\/a><\/p>\n<h2><span data-shortcode=\"tcb_post_title\" data-shortcode-name=\"Post title\" data-extra_key=\"\" data-attr-link=\"1\" data-attr-target=\"0\" data-attr-rel=\"0\" data-option-inline=\"1\" data-attr-static-link=\"{&quot;className&quot;:&quot;&quot;,&quot;href&quot;:&quot;https:\/\/blog.meusorteio.com.br\/como-funciona-o-meusorteio\/&quot;,&quot;title&quot;:&quot;Como Funciona o MeuSorteio&quot;,&quot;class&quot;:&quot;&quot;}\" data-attr-css=\"\"><a href=\"https:\/\/blog.meusorteio.com.br\/meios-de-pagamentos\/\" title=\"Meios de Pagamentos \u2013 Como recebo o dinheiro de minhas vendas no MeuSorteio\" data-css=\"\">Meios de Pagamentos \u2013 Como recebo o dinheiro de minhas vendas no MeuSorteio<\/a><\/span><\/h2>\n<p>Conhe\u00e7a as op\u00e7\u00f5es de MEIOS DE PAGAMENTO para voc\u00ea receber o seu dinheiro<\/p>\n<p><a href=\"https:\/\/blog.meusorteio.com.br\/meios-de-pagamentos\/#more-342\"><\/a><a href=\"https:\/\/blog.meusorteio.com.br\/como-fazer-a-integracao-com-mercado-pago\/\" dynamic-postlink=\"tcb_post_the_permalink\" data-shortcode-id=\"137\"><\/a><a href=\"https:\/\/blog.meusorteio.com.br\/como-fazer-a-integracao-com-mercado-pago\/\" style=\"\"><span>                    <\/span><span><span><\/span><\/span><\/a><\/p>\n<h2><span data-shortcode=\"tcb_post_title\" data-shortcode-name=\"Post title\" data-extra_key=\"\" data-attr-link=\"1\" data-attr-target=\"0\" data-attr-rel=\"0\" data-option-inline=\"1\" data-attr-static-link=\"{&quot;className&quot;:&quot;&quot;,&quot;href&quot;:&quot;https:\/\/blog.meusorteio.com.br\/como-funciona-o-meusorteio\/&quot;,&quot;title&quot;:&quot;Como Funciona o MeuSorteio&quot;,&quot;class&quot;:&quot;&quot;}\" data-attr-css=\"\"><a href=\"https:\/\/blog.meusorteio.com.br\/como-fazer-a-integracao-com-mercado-pago\/\" title=\"Como fazer a Integra\u00e7\u00e3o com Mercado Pago\" data-css=\"\">Como fazer a Integra\u00e7\u00e3o com Mercado Pago<\/a><\/span><\/h2>\n<p>Veja o passo a passo para receber seus pagamentos direto em sua conta Mercado Pago<\/p>\n<p><a href=\"https:\/\/blog.meusorteio.com.br\/como-fazer-a-integracao-com-mercado-pago\/#more-81\"><\/a><a href=\"https:\/\/blog.meusorteio.com.br\/como-abrir-uma-conta-no-mercado-pago\/\" dynamic-postlink=\"tcb_post_the_permalink\" data-shortcode-id=\"137\"><\/a><a href=\"https:\/\/blog.meusorteio.com.br\/como-abrir-uma-conta-no-mercado-pago\/\" style=\"\"><span>                    <\/span><span><span><\/span><\/span><\/a><\/p>\n<h2><span data-shortcode=\"tcb_post_title\" data-shortcode-name=\"Post title\" data-extra_key=\"\" data-attr-link=\"1\" data-attr-target=\"0\" data-attr-rel=\"0\" data-option-inline=\"1\" data-attr-static-link=\"{&quot;className&quot;:&quot;&quot;,&quot;href&quot;:&quot;https:\/\/blog.meusorteio.com.br\/como-funciona-o-meusorteio\/&quot;,&quot;title&quot;:&quot;Como Funciona o MeuSorteio&quot;,&quot;class&quot;:&quot;&quot;}\" data-attr-css=\"\"><a href=\"https:\/\/blog.meusorteio.com.br\/como-abrir-uma-conta-no-mercado-pago\/\" title=\"Como Abrir uma Conta no Mercado Pago \u2013 Passo a Passo\" data-css=\"\">Como Abrir uma Conta no Mercado Pago \u2013 Passo a Passo<\/a><\/span><\/h2>\n<p>Tutorial completo para criar uma conta no Mercado Pago<\/p>\n<p><a href=\"https:\/\/blog.meusorteio.com.br\/como-abrir-uma-conta-no-mercado-pago\/#more-114\"><\/a><a href=\"https:\/\/blog.meusorteio.com.br\/por-que-voce-precisa-fazer-o-sorteio-pela-loteria-federal\/\" dynamic-postlink=\"tcb_post_the_permalink\" data-shortcode-id=\"137\"><\/a><a href=\"https:\/\/blog.meusorteio.com.br\/por-que-voce-precisa-fazer-o-sorteio-pela-loteria-federal\/\" style=\"\"><span>                    <\/span><span><span><\/span><\/span><\/a><\/p>\n<h2><span data-shortcode=\"tcb_post_title\" data-shortcode-name=\"Post title\" data-extra_key=\"\" data-attr-link=\"1\" data-attr-target=\"0\" data-attr-rel=\"0\" data-option-inline=\"1\" data-attr-static-link=\"{&quot;className&quot;:&quot;&quot;,&quot;href&quot;:&quot;https:\/\/blog.meusorteio.com.br\/como-funciona-o-meusorteio\/&quot;,&quot;title&quot;:&quot;Como Funciona o MeuSorteio&quot;,&quot;class&quot;:&quot;&quot;}\" data-attr-css=\"\"><a href=\"https:\/\/blog.meusorteio.com.br\/por-que-voce-precisa-fazer-o-sorteio-pela-loteria-federal\/\" title=\"Por que voc\u00ea precisa fazer o sorteio pela Loteria Federal\" data-css=\"\">Por que voc\u00ea precisa fazer o sorteio pela Loteria Federal<\/a><\/span><\/h2>\n<p>Passo a passo para fazer uma rifa online com o MeuSorteio. <\/p>\n<p><a href=\"https:\/\/blog.meusorteio.com.br\/por-que-voce-precisa-fazer-o-sorteio-pela-loteria-federal\/#more-297\"><\/a><a href=\"https:\/\/blog.meusorteio.com.br\/como-fazer-uma-rifa-online-pela-loteria-federal\/\" dynamic-postlink=\"tcb_post_the_permalink\" data-shortcode-id=\"137\"><\/a><a href=\"https:\/\/blog.meusorteio.com.br\/como-fazer-uma-rifa-online-pela-loteria-federal\/\" style=\"\"><span>                    <\/span><span><span><\/span><\/span><\/a><\/p>\n<h2><span data-shortcode=\"tcb_post_title\" data-shortcode-name=\"Post title\" data-extra_key=\"\" data-attr-link=\"1\" data-attr-target=\"0\" data-attr-rel=\"0\" data-option-inline=\"1\" data-attr-static-link=\"{&quot;className&quot;:&quot;&quot;,&quot;href&quot;:&quot;https:\/\/blog.meusorteio.com.br\/como-funciona-o-meusorteio\/&quot;,&quot;title&quot;:&quot;Como Funciona o MeuSorteio&quot;,&quot;class&quot;:&quot;&quot;}\" data-attr-css=\"\"><a href=\"https:\/\/blog.meusorteio.com.br\/como-fazer-uma-rifa-online-pela-loteria-federal\/\" title=\"Como fazer uma Rifa Online pela Loteria Federal\" data-css=\"\">Como fazer uma Rifa Online pela Loteria Federal<\/a><\/span><\/h2>\n<p>Passo a passo para fazer uma rifa online com o MeuSorteio. <\/p>\n<p><a href=\"https:\/\/blog.meusorteio.com.br\/como-fazer-uma-rifa-online-pela-loteria-federal\/#more-306\"><\/a><\/p>\n","protected":false},"excerpt":{"rendered":"<p>Como Funciona o MeuSorteio Saiba COMO FUNCIONA o MeuSorteio: o melhor sistema para vendas e gest\u00e3o de sua rifa online Como Fazer uma Rifa Online com o MeuSorteio Passo a passo para FAZER uma Rifa Online com o MeuSorteio. Como Gerenciar uma Rifa Online com o MeuSorteio Passo a passo para GERENCIAR uma Rifa Online [&hellip;]<\/p>\n","protected":false},"author":1,"featured_media":0,"parent":0,"menu_order":0,"comment_status":"closed","ping_status":"closed","template":"","meta":{"footnotes":""},"class_list":["post-344","page","type-page","status-publish","hentry","post-wrapper","thrv_wrapper"],"yoast_head":"<!-- This site is optimized with the Yoast SEO plugin v22.0 - https:\/\/yoast.com\/wordpress\/plugins\/seo\/ -->\n<title>Artigos - Meu Sorteio Rifas Online<\/title>\n<meta name=\"description\" content=\"Todos os artigos do blog do MeuSorteio. Desde como funciona a plataforma, at\u00e9 mesmo dicas de como realizar um sorteio com sucesso\" \/>\n<meta name=\"robots\" content=\"index, follow, max-snippet:-1, max-image-preview:large, max-video-preview:-1\" \/>\n<link rel=\"canonical\" href=\"https:\/\/meusorteio.com.br\/rifas\/\" \/>\n<meta property=\"og:locale\" content=\"pt_BR\" \/>\n<meta property=\"og:type\" content=\"article\" \/>\n<meta property=\"og:title\" content=\"Artigos - Meu Sorteio Rifas Online\" \/>\n<meta property=\"og:description\" content=\"Todos os artigos do blog do MeuSorteio. Desde como funciona a plataforma, at\u00e9 mesmo dicas de como realizar um sorteio com sucesso\" \/>\n<meta property=\"og:url\" content=\"https:\/\/meusorteio.com.br\/rifas\/\" \/>\n<meta property=\"og:site_name\" content=\"Meu Sorteio Rifas Online\" \/>\n<meta property=\"article:modified_time\" content=\"2023-01-11T19:54:19+00:00\" \/>\n<meta name=\"twitter:card\" content=\"summary_large_image\" \/>\n<script type=\"application\/ld+json\" class=\"yoast-schema-graph\">{\"@context\":\"https:\/\/schema.org\",\"@graph\":[{\"@type\":\"WebPage\",\"@id\":\"https:\/\/meusorteio.com.br\/rifas\/\",\"url\":\"https:\/\/meusorteio.com.br\/rifas\/\",\"name\":\"Artigos - Meu Sorteio Rifas Online\",\"isPartOf\":{\"@id\":\"https:\/\/meusorteio.com.br\/rifas\/#website\"},\"datePublished\":\"2022-10-31T09:59:43+00:00\",\"dateModified\":\"2023-01-11T19:54:19+00:00\",\"description\":\"Todos os artigos do blog do MeuSorteio. Desde como funciona a plataforma, at\u00e9 mesmo dicas de como realizar um sorteio com sucesso\",\"breadcrumb\":{\"@id\":\"https:\/\/meusorteio.com.br\/rifas\/#breadcrumb\"},\"inLanguage\":\"pt-BR\",\"potentialAction\":[{\"@type\":\"ReadAction\",\"target\":[\"https:\/\/meusorteio.com.br\/rifas\/\"]}]},{\"@type\":\"BreadcrumbList\",\"@id\":\"https:\/\/meusorteio.com.br\/rifas\/#breadcrumb\",\"itemListElement\":[{\"@type\":\"ListItem\",\"position\":1,\"name\":\"In\u00edcio\",\"item\":\"https:\/\/meusorteio.com.br\/rifas\/\"},{\"@type\":\"ListItem\",\"position\":2,\"name\":\"Artigos\"}]},{\"@type\":\"WebSite\",\"@id\":\"https:\/\/meusorteio.com.br\/rifas\/#website\",\"url\":\"https:\/\/meusorteio.com.br\/rifas\/\",\"name\":\"Meu Sorteio Rifas Online\",\"description\":\"\",\"potentialAction\":[{\"@type\":\"SearchAction\",\"target\":{\"@type\":\"EntryPoint\",\"urlTemplate\":\"https:\/\/meusorteio.com.br\/rifas\/?s={search_term_string}\"},\"query-input\":\"required name=search_term_string\"}],\"inLanguage\":\"pt-BR\"}]}<\/script>\n<!-- \/ Yoast SEO plugin. -->","yoast_head_json":{"title":"Artigos - Meu Sorteio Rifas Online","description":"Todos os artigos do blog do MeuSorteio. Desde como funciona a plataforma, at\u00e9 mesmo dicas de como realizar um sorteio com sucesso","robots":{"index":"index","follow":"follow","max-snippet":"max-snippet:-1","max-image-preview":"max-image-preview:large","max-video-preview":"max-video-preview:-1"},"canonical":"https:\/\/meusorteio.com.br\/rifas\/","og_locale":"pt_BR","og_type":"article","og_title":"Artigos - Meu Sorteio Rifas Online","og_description":"Todos os artigos do blog do MeuSorteio. Desde como funciona a plataforma, at\u00e9 mesmo dicas de como realizar um sorteio com sucesso","og_url":"https:\/\/meusorteio.com.br\/rifas\/","og_site_name":"Meu Sorteio Rifas Online","article_modified_time":"2023-01-11T19:54:19+00:00","twitter_card":"summary_large_image","schema":{"@context":"https:\/\/schema.org","@graph":[{"@type":"WebPage","@id":"https:\/\/meusorteio.com.br\/rifas\/","url":"https:\/\/meusorteio.com.br\/rifas\/","name":"Artigos - Meu Sorteio Rifas Online","isPartOf":{"@id":"https:\/\/meusorteio.com.br\/rifas\/#website"},"datePublished":"2022-10-31T09:59:43+00:00","dateModified":"2023-01-11T19:54:19+00:00","description":"Todos os artigos do blog do MeuSorteio. Desde como funciona a plataforma, at\u00e9 mesmo dicas de como realizar um sorteio com sucesso","breadcrumb":{"@id":"https:\/\/meusorteio.com.br\/rifas\/#breadcrumb"},"inLanguage":"pt-BR","potentialAction":[{"@type":"ReadAction","target":["https:\/\/meusorteio.com.br\/rifas\/"]}]},{"@type":"BreadcrumbList","@id":"https:\/\/meusorteio.com.br\/rifas\/#breadcrumb","itemListElement":[{"@type":"ListItem","position":1,"name":"In\u00edcio","item":"https:\/\/meusorteio.com.br\/rifas\/"},{"@type":"ListItem","position":2,"name":"Artigos"}]},{"@type":"WebSite","@id":"https:\/\/meusorteio.com.br\/rifas\/#website","url":"https:\/\/meusorteio.com.br\/rifas\/","name":"Meu Sorteio Rifas Online","description":"","potentialAction":[{"@type":"SearchAction","target":{"@type":"EntryPoint","urlTemplate":"https:\/\/meusorteio.com.br\/rifas\/?s={search_term_string}"},"query-input":"required name=search_term_string"}],"inLanguage":"pt-BR"}]}},"_links":{"self":[{"href":"https:\/\/meusorteio.com.br\/rifas\/wp-json\/wp\/v2\/pages\/344","targetHints":{"allow":["GET"]}}],"collection":[{"href":"https:\/\/meusorteio.com.br\/rifas\/wp-json\/wp\/v2\/pages"}],"about":[{"href":"https:\/\/meusorteio.com.br\/rifas\/wp-json\/wp\/v2\/types\/page"}],"author":[{"embeddable":true,"href":"https:\/\/meusorteio.com.br\/rifas\/wp-json\/wp\/v2\/users\/1"}],"replies":[{"embeddable":true,"href":"https:\/\/meusorteio.com.br\/rifas\/wp-json\/wp\/v2\/comments?post=344"}],"version-history":[{"count":8,"href":"https:\/\/meusorteio.com.br\/rifas\/wp-json\/wp\/v2\/pages\/344\/revisions"}],"predecessor-version":[{"id":425,"href":"https:\/\/meusorteio.com.br\/rifas\/wp-json\/wp\/v2\/pages\/344\/revisions\/425"}],"wp:attachment":[{"href":"https:\/\/meusorteio.com.br\/rifas\/wp-json\/wp\/v2\/media?parent=344"}],"curies":[{"name":"wp","href":"https:\/\/api.w.org\/{rel}","templated":true}]}}